{"id":14,"date":"2023-01-10T13:07:50","date_gmt":"2023-01-10T12:07:50","guid":{"rendered":"http:\/\/www2.wild-maa-faehri.ch\/?page_id=14"},"modified":"2026-04-10T15:46:38","modified_gmt":"2026-04-10T13:46:38","slug":"homepage","status":"publish","type":"page","link":"https:\/\/www.wild-maa-faehri.ch\/","title":{"rendered":"Homepage"},"content":{"rendered":"<p>[et_pb_section fb_built=&#187;1&#8243; fullwidth=&#187;on&#187; _builder_version=&#187;4.17.4&#8243; _module_preset=&#187;default&#187; global_colors_info=&#187;{}&#187;][et_pb_fullwidth_image src=&#187;https:\/\/www.wild-maa-faehri.ch\/wp-content\/uploads\/2023\/01\/St._Alban-Faehre.jpg&#187; title_text=&#187;OLYMPUS DIGITAL CAMERA&#187; _builder_version=&#187;4.17.4&#8243; _module_preset=&#187;default&#187; global_colors_info=&#187;{}&#187;][\/et_pb_fullwidth_image][\/et_pb_section][et_pb_section fb_built=&#187;1&#8243; _builder_version=&#187;4.17.4&#8243; _module_preset=&#187;default&#187; global_colors_info=&#187;{}&#187;][et_pb_row _builder_version=&#187;4.17.4&#8243; _module_preset=&#187;default&#187; global_colors_info=&#187;{}&#187;][et_pb_column type=&#187;4_4&#8243; _builder_version=&#187;4.17.4&#8243; _module_preset=&#187;default&#187; global_colors_info=&#187;{}&#187;][et_pb_text _builder_version=&#187;4.17.4&#8243; _module_preset=&#187;default&#187; global_colors_info=&#187;{}&#187;]<\/p>\n<h2>Herzlich Willkommen auf der Webseite der Wild Maa-F\u00e4hre<\/h2>\n<p>[\/et_pb_text][\/et_pb_column][\/et_pb_row][et_pb_row column_structure=&#187;1_2,1_2&#8243; _builder_version=&#187;4.17.4&#8243; _module_preset=&#187;default&#187; global_colors_info=&#187;{}&#187;][et_pb_column type=&#187;1_2&#8243; _builder_version=&#187;4.17.4&#8243; _module_preset=&#187;default&#187; global_colors_info=&#187;{}&#187;][et_pb_text _builder_version=&#187;4.17.4&#8243; _module_preset=&#187;default&#187; global_colors_info=&#187;{}&#187;]<\/p>\n<h3>Fahrpreise<\/h3>\n<ul>\n<li>Erwachsene CHF 2.00 pro \u00dcberfahrt<\/li>\n<li>Kinder, Hunde, Velos CHF 1.00 pro \u00dcberfahrt<\/li>\n<li><strong>Schulklassen, Kinderkrippen und Tagesheime<\/strong>\n<ul>\n<li>Kinder unter 12 Jahren CHF 0.80<\/li>\n<li>Kinder ab 12 Jahren und Begleitpersonen CHF 1.60<\/li>\n<\/ul>\n<\/li>\n<li><strong>TNW- oder SBB-Tickets sind auf der F\u00e4hri nicht g\u00fcltig, dasselbe gilt f\u00fcr die BaselCard.<\/strong><\/li>\n<\/ul>\n<ul>\n<li>Abos \u00e0 20 Fahrten sind f\u00fcr CHF 36.- auf den F\u00e4hren und f\u00fcr CHF 38.- an folgenden Verkaufspunkten erh\u00e4ltlich:<br \/><a href=\"http:\/\/faehri-1.klixa.work\/produkte\/\" target=\"_blank\" rel=\"noopener\">F\u00e4hri-Verein<\/a>, <a href=\"https:\/\/proinnerstadtbasel.ch\/\" target=\"_blank\" rel=\"noopener\">StadtKonzeptBasel (Pro Innerstadt Basel)<\/a><\/li>\n<\/ul>\n<p>Alle Angaben in CHF. Preis\u00e4nderungen vorbehalten.<\/p>\n<h3>Sommerfahrplan<\/h3>\n<div>(Beginn Sommerzeit bis Ende Sommerzeit)<\/div>\n<p>Montag \u2013 Freitag: 07:30 \u2013 19:00 Uhr<br \/>Samstag, Sonntag und Feiertage: 09:00 \u2013 19:00 Uhr<\/p>\n<h3>Winterfahrplan<\/h3>\n<div>(Beginn Winterzeit bis Ende Winterzeit)<\/div>\n<p>Montag \u2013 Freitag <strong>bei sch\u00f6nem Wetter<\/strong>: 12:00 \u2013 16:00 Uhr<br \/>Samstag, Sonntag und Feiertage:\u00a011:00 \u2013 17:00 Uhr<\/p>\n<p>&nbsp;<\/p>\n<p>[\/et_pb_text][et_pb_text _builder_version=&#187;4.17.4&#8243; _module_preset=&#187;default&#187; global_colors_info=&#187;{}&#187;]<\/p>\n<h3>Hochwasser<\/h3>\n<p>Kein Fahrbetrieb bei Hochwasser (ab 7.90 m).<\/p>\n<p>[\/et_pb_text][\/et_pb_column][et_pb_column type=&#187;1_2&#8243; _builder_version=&#187;4.17.4&#8243; _module_preset=&#187;default&#187; global_colors_info=&#187;{}&#187;][et_pb_text _builder_version=&#187;4.17.4&#8243; _module_preset=&#187;default&#187; link_option_url_new_window=&#187;on&#187; global_colors_info=&#187;{}&#187;]<\/p>\n<h3>F\u00e4hre f\u00fcr einen Privatanlass mieten:<\/h3>\n<p class=\"p1\">Die St. Alban-F\u00e4hre \u00abWild Maa\u00bb kann f\u00fcr Anl\u00e4sse von Donnerstag bis Samstag ausserhalb der publizierten \u00d6ffnungszeiten f\u00fcr Privatanl\u00e4sse gebucht werden. Sie haben die F\u00e4hre exklusiv f\u00fcr sich und Ihre G\u00e4ste.<\/p>\n<p class=\"p1\">Unser Aussenbereich ist gedeckt und somit auch bei Regen nutzbar.<\/p>\n<p class=\"p1\">Miete der F\u00e4hre: Erste Stunde CHF 150.00 jede weitere Stunde CHF 100.00<span style=\"font-size: 14px;\">. Die Preise verstehen sich exklusiv Konsumation.<\/span><\/p>\n<p style=\"font-weight: 400;\">\n<h4>Fondue\/Raclette\/sonstige Verpflegung\/Getr\u00e4nke<\/h4>\n<p style=\"font-weight: 400;\">Bitte informieren Sie sich im nachstehenden Catering-Angebot (<a href=\"https:\/\/www.wild-maa-faehri.ch\/wp-content\/uploads\/2025\/10\/Angebote-2025-26.pdf\" target=\"_blank\" rel=\"noopener\" title=\"Catering-Angebot\">PDF<\/a>):<\/p>\n<p>[\/et_pb_text][et_pb_image src=&#187;https:\/\/www.wild-maa-faehri.ch\/wp-content\/uploads\/2025\/10\/Karte_25-26.png&#187; title_text=&#187;Karte_25-26&#8243; url=&#187;https:\/\/www.wild-maa-faehri.ch\/wp-content\/uploads\/2025\/10\/Angebote-2025-26.pdf&#187; url_new_window=&#187;on&#187; _builder_version=&#187;4.17.4&#8243; _module_preset=&#187;default&#187; width=&#187;42%&#187; global_colors_info=&#187;{}&#187;][\/et_pb_image][et_pb_text _builder_version=&#187;4.17.4&#8243; _module_preset=&#187;default&#187; global_colors_info=&#187;{}&#187;]<\/p>\n<h3>Sponsoring Gratistage f\u00fcr die Bev\u00f6lkerung<br \/>(nur ganzt\u00e4gig m\u00f6glich)<\/h3>\n<ul>\n<li>An Wochentagen CHF 100.- pro Stunde<\/li>\n<li>An Wochenenden und Feiertagen CHF 200.- pro Stunde.<\/li>\n<\/ul>\n<p class=\"petit\"><strong>Alle Anfragen\/Reservierungen nimmt die P\u00e4chterin, Rosi Tiefenthal, sehr gerne per Telefon, E-Mail oder untenstehendem Kontaktformular entgegen.<\/strong><\/p>\n<p>[\/et_pb_text][\/et_pb_column][\/et_pb_row][et_pb_row _builder_version=&#187;4.17.4&#8243; _module_preset=&#187;default&#187; global_colors_info=&#187;{}&#187;][et_pb_column type=&#187;4_4&#8243; _builder_version=&#187;4.17.4&#8243; _module_preset=&#187;default&#187; global_colors_info=&#187;{}&#187;][et_pb_text _builder_version=&#187;4.17.4&#8243; _module_preset=&#187;default&#187; global_colors_info=&#187;{}&#187;]<\/p>\n<h2>Kontakt<\/h2>\n<p><strong>F\u00fcr Reservationen bitte unbedingt Name, Datum, Zeit und Natel-\/Telefonnummer angeben.<\/strong><\/p>\n<p>[\/et_pb_text][\/et_pb_column][\/et_pb_row][et_pb_row column_structure=&#187;2_5,3_5&#8243; _builder_version=&#187;4.17.4&#8243; _module_preset=&#187;default&#187; global_colors_info=&#187;{}&#187;][et_pb_column type=&#187;2_5&#8243; _builder_version=&#187;4.17.4&#8243; _module_preset=&#187;default&#187; global_colors_info=&#187;{}&#187;][et_pb_text _builder_version=&#187;4.17.4&#8243; _module_preset=&#187;default&#187; global_colors_info=&#187;{}&#187;]<\/p>\n<h2>P\u00e4chterin<\/h2>\n<p>[\/et_pb_text][et_pb_image src=&#187;https:\/\/www.wild-maa-faehri.ch\/wp-content\/uploads\/2023\/01\/Tiefenthal_Rosi_010_WEB.jpg&#187; title_text=&#187;Tiefenthal_Rosi_010_WEB&#187; _builder_version=&#187;4.17.4&#8243; _module_preset=&#187;default&#187; width=&#187;44%&#187; global_colors_info=&#187;{}&#187;][\/et_pb_image][et_pb_text _builder_version=&#187;4.17.4&#8243; _module_preset=&#187;default&#187; global_colors_info=&#187;{}&#187;]<\/p>\n<p>Rosi Tiefenthal<\/p>\n<p><a href=\"mailto:wildmaa@faehri.ch\">wildmaa@faehri.ch<\/a><\/p>\n<p><a href=\"tel:+41796596366\">+41 (0)79 659 63 66<\/a><\/p>\n<p>[\/et_pb_text][\/et_pb_column][et_pb_column type=&#187;3_5&#8243; _builder_version=&#187;4.17.4&#8243; _module_preset=&#187;default&#187; global_colors_info=&#187;{}&#187;][et_pb_contact_form email=&#187;wildmaa@faehri.ch&#187; title=&#187;Anfrage&#187; custom_message=&#187;Anfrage \u00fcber Website||et_pb_line_break_holder||Betreff: %%Betreff%%||et_pb_line_break_holder||Name: %%Name%%||et_pb_line_break_holder||Datum (Reservationsanfrage): %%Datum%%||et_pb_line_break_holder||E-Mail-Adresse: %%Email%%||et_pb_line_break_holder||Telefon: %%Phone%%||et_pb_line_break_holder||Mitteilung\/Anfrage:||et_pb_line_break_holder||%%Message%%&#187; success_message=&#187;Ihre Anfrage wurde gespeichert, besten Dank!&#187; submit_button_text=&#187;Senden&#187; _builder_version=&#187;4.17.4&#8243; _module_preset=&#187;default&#187; _unique_id=&#187;b7fbdae5-141c-4ed7-bc8c-c929a78ff97e&#187; global_colors_info=&#187;{}&#187;][et_pb_contact_field field_id=&#187;Betreff&#187; field_title=&#187;Betreff&#187; fullwidth_field=&#187;on&#187; _builder_version=&#187;4.17.4&#8243; _module_preset=&#187;default&#187; global_colors_info=&#187;{}&#187;][\/et_pb_contact_field][et_pb_contact_field field_id=&#187;Name&#187; field_title=&#187;Name&#187; fullwidth_field=&#187;on&#187; _builder_version=&#187;4.17.4&#8243; global_colors_info=&#187;{}&#187; button_text_size__hover_enabled=&#187;off&#187; button_one_text_size__hover_enabled=&#187;off&#187; button_two_text_size__hover_enabled=&#187;off&#187; button_text_color__hover_enabled=&#187;off&#187; button_one_text_color__hover_enabled=&#187;off&#187; button_two_text_color__hover_enabled=&#187;off&#187; button_border_width__hover_enabled=&#187;off&#187; button_one_border_width__hover_enabled=&#187;off&#187; button_two_border_width__hover_enabled=&#187;off&#187; button_border_color__hover_enabled=&#187;off&#187; button_one_border_color__hover_enabled=&#187;off&#187; button_two_border_color__hover_enabled=&#187;off&#187; button_border_radius__hover_enabled=&#187;off&#187; button_one_border_radius__hover_enabled=&#187;off&#187; button_two_border_radius__hover_enabled=&#187;off&#187; button_letter_spacing__hover_enabled=&#187;off&#187; button_one_letter_spacing__hover_enabled=&#187;off&#187; button_two_letter_spacing__hover_enabled=&#187;off&#187; button_bg_color__hover_enabled=&#187;off&#187; button_one_bg_color__hover_enabled=&#187;off&#187; button_two_bg_color__hover_enabled=&#187;off&#187;][\/et_pb_contact_field][et_pb_contact_field field_id=&#187;Datum&#187; field_title=&#187;Datum (Reservationsanfrage)&#187; fullwidth_field=&#187;on&#187; _builder_version=&#187;4.17.4&#8243; _module_preset=&#187;default&#187; global_colors_info=&#187;{}&#187;][\/et_pb_contact_field][et_pb_contact_field field_id=&#187;Email&#187; field_title=&#187;E-Mail Adresse&#187; field_type=&#187;email&#187; _builder_version=&#187;4.17.4&#8243; global_colors_info=&#187;{}&#187; button_text_size__hover_enabled=&#187;off&#187; button_one_text_size__hover_enabled=&#187;off&#187; button_two_text_size__hover_enabled=&#187;off&#187; button_text_color__hover_enabled=&#187;off&#187; button_one_text_color__hover_enabled=&#187;off&#187; button_two_text_color__hover_enabled=&#187;off&#187; button_border_width__hover_enabled=&#187;off&#187; button_one_border_width__hover_enabled=&#187;off&#187; button_two_border_width__hover_enabled=&#187;off&#187; button_border_color__hover_enabled=&#187;off&#187; button_one_border_color__hover_enabled=&#187;off&#187; button_two_border_color__hover_enabled=&#187;off&#187; button_border_radius__hover_enabled=&#187;off&#187; button_one_border_radius__hover_enabled=&#187;off&#187; button_two_border_radius__hover_enabled=&#187;off&#187; button_letter_spacing__hover_enabled=&#187;off&#187; button_one_letter_spacing__hover_enabled=&#187;off&#187; button_two_letter_spacing__hover_enabled=&#187;off&#187; button_bg_color__hover_enabled=&#187;off&#187; button_one_bg_color__hover_enabled=&#187;off&#187; button_two_bg_color__hover_enabled=&#187;off&#187;][\/et_pb_contact_field][et_pb_contact_field field_id=&#187;Phone&#187; field_title=&#187;Telefonnummer&#187; _builder_version=&#187;4.17.4&#8243; _module_preset=&#187;default&#187; global_colors_info=&#187;{}&#187;][\/et_pb_contact_field][et_pb_contact_field field_id=&#187;Message&#187; field_title=&#187;Mitteilung\/Anfrage&#187; field_type=&#187;text&#187; fullwidth_field=&#187;on&#187; _builder_version=&#187;4.17.4&#8243; global_colors_info=&#187;{}&#187; button_text_size__hover_enabled=&#187;off&#187; button_one_text_size__hover_enabled=&#187;off&#187; button_two_text_size__hover_enabled=&#187;off&#187; button_text_color__hover_enabled=&#187;off&#187; button_one_text_color__hover_enabled=&#187;off&#187; button_two_text_color__hover_enabled=&#187;off&#187; button_border_width__hover_enabled=&#187;off&#187; button_one_border_width__hover_enabled=&#187;off&#187; button_two_border_width__hover_enabled=&#187;off&#187; button_border_color__hover_enabled=&#187;off&#187; button_one_border_color__hover_enabled=&#187;off&#187; button_two_border_color__hover_enabled=&#187;off&#187; button_border_radius__hover_enabled=&#187;off&#187; button_one_border_radius__hover_enabled=&#187;off&#187; button_two_border_radius__hover_enabled=&#187;off&#187; button_letter_spacing__hover_enabled=&#187;off&#187; button_one_letter_spacing__hover_enabled=&#187;off&#187; button_two_letter_spacing__hover_enabled=&#187;off&#187; button_bg_color__hover_enabled=&#187;off&#187; button_one_bg_color__hover_enabled=&#187;off&#187; button_two_bg_color__hover_enabled=&#187;off&#187;][\/et_pb_contact_field][\/et_pb_contact_form][\/et_pb_column][\/et_pb_row][et_pb_row column_structure=&#187;1_2,1_2&#8243; _builder_version=&#187;4.17.4&#8243; _module_preset=&#187;default&#187; custom_padding=&#187;15px|||||&#187; global_colors_info=&#187;{}&#187;][et_pb_column type=&#187;1_2&#8243; _builder_version=&#187;4.17.4&#8243; _module_preset=&#187;default&#187; global_colors_info=&#187;{}&#187;][et_pb_text _builder_version=&#187;4.17.4&#8243; _module_preset=&#187;default&#187; global_colors_info=&#187;{}&#187;]<\/p>\n<h3 prominence=\"sm\" tag=\"h1\" variant=\"heading\" class=\"sc-episode-details-title type type--heading type--sm type--no-margin\">Unterwegs mit der Basler F\u00e4hrifrau<\/h3>\n<p prominence=\"sm\" tag=\"h1\" variant=\"heading\" class=\"sc-episode-details-title type type--heading type--sm type--no-margin\"><span>Eine Fahrt mit der Basler F\u00e4hre ist mehr als nur die \u00dcberquerung des Rheins. F\u00e4hrifrau Rosi Tiefenthal erz\u00e4hlt von ihrem Alltag, von Tradition und Technik und von der Ruhe mitten in der Stadt.<\/span><\/p>\n<p>Hier geht&#8217;s zum <a href=\"https:\/\/schiffspodcast.ch\/episodes\/unterwegs-mit-der-basler-fahrifrau\" target=\"_blank\" rel=\"noopener\"><span style=\"text-decoration: underline;\">Schiffspodcast<\/span><\/a>\u00a0und hier zum <span style=\"text-decoration: underline;\"><a href=\"https:\/\/www.youtube.com\/shorts\/93IHhXUqkl4\" target=\"_blank\" rel=\"noopener\">Trailer\/Video<\/a><\/span>.<\/p>\n<p>[\/et_pb_text][\/et_pb_column][et_pb_column type=&#187;1_2&#8243; _builder_version=&#187;4.17.4&#8243; _module_preset=&#187;default&#187; global_colors_info=&#187;{}&#187;][et_pb_image src=&#187;https:\/\/www.wild-maa-faehri.ch\/wp-content\/uploads\/2026\/02\/schiffspodcast.jpeg&#187; title_text=&#187;schiffspodcast&#187; _builder_version=&#187;4.17.4&#8243; _module_preset=&#187;default&#187; width=&#187;30%&#187; max_width=&#187;30%&#187; global_colors_info=&#187;{}&#187;][\/et_pb_image][\/et_pb_column][\/et_pb_row][\/et_pb_section][et_pb_section fb_built=&#187;1&#8243; fullwidth=&#187;on&#187; _builder_version=&#187;4.17.4&#8243; _module_preset=&#187;default&#187; global_colors_info=&#187;{}&#187;][et_pb_fullwidth_image src=&#187;https:\/\/www.wild-maa-faehri.ch\/wp-content\/uploads\/2023\/01\/Karte_Basel_Faehren_WM.png&#187; title_text=&#187;Karte_Basel_Faehren_WM&#187; _builder_version=&#187;4.17.4&#8243; _module_preset=&#187;default&#187; global_colors_info=&#187;{}&#187;][\/et_pb_fullwidth_image][\/et_pb_section]<\/p>\n","protected":false},"excerpt":{"rendered":"<p>Herzlich Willkommen auf der Webseite der Wild Maa-F\u00e4hreFahrpreise Erwachsene CHF 2.00 pro \u00dcberfahrt Kinder, Hunde, Velos CHF 1.00 pro \u00dcberfahrt Schulklassen, Kinderkrippen und Tagesheime Kinder unter 12 Jahren CHF 0.80 Kinder ab 12 Jahren und Begleitpersonen CHF 1.60 TNW- oder SBB-Tickets sind auf der F\u00e4hri nicht g\u00fcltig, dasselbe gilt f\u00fcr die BaselCard. Abos \u00e0 20 [&hellip;]<\/p>\n","protected":false},"author":1,"featured_media":0,"parent":0,"menu_order":0,"comment_status":"closed","ping_status":"closed","template":"","meta":{"_et_pb_use_builder":"on","_et_pb_old_content":"","_et_gb_content_width":"","footnotes":""},"class_list":["post-14","page","type-page","status-publish","hentry"],"_links":{"self":[{"href":"https:\/\/www.wild-maa-faehri.ch\/index.php?rest_route=\/wp\/v2\/pages\/14","targetHints":{"allow":["GET"]}}],"collection":[{"href":"https:\/\/www.wild-maa-faehri.ch\/index.php?rest_route=\/wp\/v2\/pages"}],"about":[{"href":"https:\/\/www.wild-maa-faehri.ch\/index.php?rest_route=\/wp\/v2\/types\/page"}],"author":[{"embeddable":true,"href":"https:\/\/www.wild-maa-faehri.ch\/index.php?rest_route=\/wp\/v2\/users\/1"}],"replies":[{"embeddable":true,"href":"https:\/\/www.wild-maa-faehri.ch\/index.php?rest_route=%2Fwp%2Fv2%2Fcomments&post=14"}],"version-history":[{"count":33,"href":"https:\/\/www.wild-maa-faehri.ch\/index.php?rest_route=\/wp\/v2\/pages\/14\/revisions"}],"predecessor-version":[{"id":154,"href":"https:\/\/www.wild-maa-faehri.ch\/index.php?rest_route=\/wp\/v2\/pages\/14\/revisions\/154"}],"wp:attachment":[{"href":"https:\/\/www.wild-maa-faehri.ch\/index.php?rest_route=%2Fwp%2Fv2%2Fmedia&parent=14"}],"curies":[{"name":"wp","href":"https:\/\/api.w.org\/{rel}","templated":true}]}}